{"id":56,"date":"2016-07-12T21:43:33","date_gmt":"2016-07-12T20:43:33","guid":{"rendered":"https:\/\/the7.io\/restaurant\/?page_id=56"},"modified":"2019-11-01T15:08:18","modified_gmt":"2019-11-01T14:08:18","slug":"kontakt-berghuette-oesterreich-mieten","status":"publish","type":"page","link":"https:\/\/berghuette-murmele.com\/en\/kontakt-berghuette-oesterreich-mieten\/","title":{"rendered":"Contact"},"content":{"rendered":"<div class=\"wpb-content-wrapper\"><div class=\"vc_row wpb_row vc_row-fluid vc_custom_1474233112687 vc_row-o-content-top vc_row-flex\"><div class=\"wpb_column vc_column_container vc_col-sm-4 vc_col-lg-4 vc_col-md-4\"><div class=\"vc_column-inner\"><div class=\"wpb_wrapper\"><div class=\"aio-icon-component  vc_custom_1557589197924   style_1\"><div id=\"Info-box-wrap-9180\" class=\"aio-icon-box left-icon\" style=\"\"  ><div class=\"aio-icon-left\"><div class=\"ult-just-icon-wrapper\"><div class=\"align-icon\" style=\"text-align:center;\">\n<div class=\"aio-icon none\"  style=\"color:#c4ac70;font-size:20px;display:inline-block;\">\n\t<i class=\"icomoon-free-social-contact-16x16-home\"><\/i>\n<\/div><\/div><\/div><\/div><div class=\"aio-ibd-block\"><div class=\"aio-icon-header\" ><h3 class=\"aio-icon-title ult-responsive\"  data-ultimate-target='#Info-box-wrap-9180 .aio-icon-title'  data-responsive-json-new='{\"font-size\":\"desktop:16px;\",\"line-height\":\"desktop:26px;\"}'  style=\"font-family:&#039;Montserrat&#039;;font-weight:700;\">Address<\/h3><\/div> <!-- header --><div class=\"aio-icon-description ult-responsive\"  data-ultimate-target='#Info-box-wrap-9180 .aio-icon-description'  data-responsive-json-new='{\"font-size\":\"\",\"line-height\":\"\"}'  style=\"\">Lachtal 535,<br \/>\n8831 Sch\u00f6nberg-Lachtal,<br \/>\nAustria<\/p>\n<p><\/div> <!-- description --><\/div> <!-- aio-ibd-block --><\/div> <!-- aio-icon-box --><\/div> <!-- aio-icon-component --><\/div><\/div><\/div><div class=\"wpb_column vc_column_container vc_col-sm-4 vc_col-lg-4 vc_col-md-4\"><div class=\"vc_column-inner\"><div class=\"wpb_wrapper\"><div class=\"aio-icon-component  vc_custom_1572617114870   style_1\"><div id=\"Info-box-wrap-5706\" class=\"aio-icon-box left-icon\" style=\"\"  ><div class=\"aio-icon-left\"><div class=\"ult-just-icon-wrapper\"><div class=\"align-icon\" style=\"text-align:center;\">\n<div class=\"aio-icon none\"  style=\"color:#c4ac70;font-size:20px;display:inline-block;\">\n\t<i class=\"icomoon-free-social-contact-16x16-phone\"><\/i>\n<\/div><\/div><\/div><\/div><div class=\"aio-ibd-block\"><div class=\"aio-icon-header\" ><h3 class=\"aio-icon-title ult-responsive\"  data-ultimate-target='#Info-box-wrap-5706 .aio-icon-title'  data-responsive-json-new='{\"font-size\":\"desktop:16px;\",\"line-height\":\"desktop:26px;\"}'  style=\"font-family:&#039;Montserrat&#039;;font-weight:700;\">Phone<\/h3><\/div> <!-- header --><div class=\"aio-icon-description ult-responsive\"  data-ultimate-target='#Info-box-wrap-5706 .aio-icon-description'  data-responsive-json-new='{\"font-size\":\"\",\"line-height\":\"\"}'  style=\"\">(+49) 5361 78-98-9<\/div> <!-- description --><\/div> <!-- aio-ibd-block --><\/div> <!-- aio-icon-box --><\/div> <!-- aio-icon-component --><\/div><\/div><\/div><div class=\"wpb_column vc_column_container vc_col-sm-4\"><div class=\"vc_column-inner\"><div class=\"wpb_wrapper\"><div class=\"aio-icon-component  vc_custom_1557588828962   style_1\"><div id=\"Info-box-wrap-6644\" class=\"aio-icon-box left-icon\" style=\"\"  ><div class=\"aio-icon-left\"><div class=\"ult-just-icon-wrapper\"><div class=\"align-icon\" style=\"text-align:center;\">\n<div class=\"aio-icon none\"  style=\"color:#c4ac70;font-size:20px;display:inline-block;\">\n\t<i class=\"icomoon-free-social-contact-16x16-envelop\"><\/i>\n<\/div><\/div><\/div><\/div><div class=\"aio-ibd-block\"><div class=\"aio-icon-header\" ><h3 class=\"aio-icon-title ult-responsive\"  data-ultimate-target='#Info-box-wrap-6644 .aio-icon-title'  data-responsive-json-new='{\"font-size\":\"desktop:16px;\",\"line-height\":\"desktop:26px;\"}'  style=\"font-family:&#039;Montserrat&#039;;font-weight:700;\">Email<\/h3><\/div> <!-- header --><div class=\"aio-icon-description ult-responsive\"  data-ultimate-target='#Info-box-wrap-6644 .aio-icon-description'  data-responsive-json-new='{\"font-size\":\"\",\"line-height\":\"\"}'  style=\"\">info@berghuette-murmele.com<\/div> <!-- description --><\/div> <!-- aio-ibd-block --><\/div> <!-- aio-icon-box --><\/div> <!-- aio-icon-component --><\/div><\/div><\/div><\/div><div id=\"menu_section\" class=\"vc_row wpb_row vc_row-fluid vc_custom_1469436977972 vc_row-o-equal-height vc_row-flex\"><div class=\"wpb_column vc_column_container vc_col-sm-12 vc_col-lg-offset-0 vc_col-lg-6 vc_col-md-offset-0 vc_col-md-6 vc_col-sm-offset-0 vc_col-has-fill\"><div class=\"vc_column-inner vc_custom_1469438249390\"><div class=\"wpb_wrapper\"><div id=\"ultimate-heading-160969f467dbdd667\" class=\"uvc-heading ult-adjust-bottom-margin ultimate-heading-160969f467dbdd667 uvc-5649\" data-hspacer=\"line_with_icon\" data-hline_width=\"80\" data-hicon_type=\"selector\" data-hborder_style=\"double\" data-hborder_height=\"3\" data-hborder_color=\"#c4ac70\" data-icon_width=\"10\" data-hfixer=\"10\"  data-halign=\"center\" style=\"text-align:center\"><div class=\"uvc-sub-heading ult-responsive\"  data-ultimate-target='.uvc-heading.ultimate-heading-160969f467dbdd667 .uvc-sub-heading '  data-responsive-json-new='{\"font-size\":\"desktop:35px;\",\"line-height\":\"desktop:40px;\"}'  style=\"font-family:&#039;Poppins&#039;;font-weight:normal;color:#303030;margin-top:-5px;\">Location<\/div><div class=\"uvc-heading-spacer line_with_icon\" style=\"margin-top:5px;margin-bottom:35px;height:10px;\"><div class=\"ult-just-icon-wrapper\"><div class=\"align-icon\" style=\"text-align:center;\">\n<div class=\"aio-icon none\"  style=\"color:#c4ac70;font-size:10px;display:inline-block;\">\n\t<i class=\"icomoon-free-social-contact-16x16-svg\"><\/i>\n<\/div><\/div><\/div><\/div><\/div>\n\t<div class=\"wpb_text_column wpb_content_element\" >\n\t\t<div class=\"wpb_wrapper\">\n\t\t\t<style type=\"text\/css\" id=\"umsMapStyles_1_24407\">\n\t#ultimate_maps_1_24407 {\n        width: 100%;\n        height: 250px;\n\t        border: 0px solid ;\n        margin: 0px;\n    }\n\t#mapsControlsNum_1_24407 {\n\t\twidth:100%\t}\n\t.umsMapDetailsContainer#umsMapDetailsContainer_1_24407 {\n\t\theight:250px;\n\t}\n\t.ums_MapPreview#ultimate_maps_1_24407 {\n\t\t\/*position:absolute;*\/\n\t\twidth:100%;\n\t}\n\t#mapConElem_1_24407{\n\t\twidth:100%\t}\n\t<\/style>\n<div class=\"ums_map_opts\" id=\"mapConElem_1_24407\" data-id=\"1\" data-view-id=\"1_24407\" > <div class=\"umsMapDetailsContainer\" id=\"umsMapDetailsContainer_1_24407\"> <i class=\"umsKMLLayersPreloader fa fa-spinner fa-spin\" aria-hidden=\"true\" style=\"display: none;\"><\/i> <div class=\"ums_MapPreview\" id=\"ultimate_maps_1_24407\"><\/div> <\/div> <div class=\"umsMapMarkerFilters\" id=\"umsMapMarkerFilters_1_24407\"> <\/div> <div class=\"umsMapProControlsCon\" id=\"umsMapProControlsCon_1_24407\"> <\/div> <div class=\"umsMapProDirectionsCon\" id=\"umsMapProDirectionsCon_1_24407\" > <\/div> <div class=\"umsMapProKmlFilterCon\" id=\"umsMapProKmlFilterCon_1_24407\" > <\/div> <div class=\"umsSocialSharingShell umsSocialSharingShell_1_24407\"> <\/div> <div style=\"clear: both;\"><\/div> <\/div> \n\n\t\t<\/div>\n\t<\/div>\n\n\t<div class=\"wpb_text_column wpb_content_element\" >\n\t\t<div class=\"wpb_wrapper\">\n\t\t\t<p>Here you will find our beautiful mountain chalet in Austria. It is a modern style design chalet in close proximity to the ski slopes and hiking trails.<\/p>\n\n\t\t<\/div>\n\t<\/div>\n<\/div><\/div><\/div><div class=\"wpb_column vc_column_container vc_col-sm-12 vc_col-lg-6 vc_col-md-6 vc_col-has-fill\"><div class=\"vc_column-inner vc_custom_1469438263635\"><div class=\"wpb_wrapper\"><div id=\"ultimate-heading-681269f467dbe5a5e\" class=\"uvc-heading ult-adjust-bottom-margin ultimate-heading-681269f467dbe5a5e uvc-9074\" data-hspacer=\"line_with_icon\" data-hline_width=\"80\" data-hicon_type=\"selector\" data-hborder_style=\"double\" data-hborder_height=\"3\" data-hborder_color=\"#c4ac70\" data-icon_width=\"10\" data-hfixer=\"10\"  data-halign=\"center\" style=\"text-align:center\"><div class=\"uvc-sub-heading ult-responsive\"  data-ultimate-target='.uvc-heading.ultimate-heading-681269f467dbe5a5e .uvc-sub-heading '  data-responsive-json-new='{\"font-size\":\"desktop:35px;\",\"line-height\":\"desktop:40px;\"}'  style=\"font-family:&#039;Poppins&#039;;font-weight:normal;color:#303030;margin-top:-5px;\">GET IN TOUCH!<\/div><div class=\"uvc-heading-spacer line_with_icon\" style=\"margin-top:5px;margin-bottom:35px;height:10px;\"><div class=\"ult-just-icon-wrapper\"><div class=\"align-icon\" style=\"text-align:center;\">\n<div class=\"aio-icon none\"  style=\"color:#c4ac70;font-size:10px;display:inline-block;\">\n\t<i class=\"icomoon-free-social-contact-16x16-svg\"><\/i>\n<\/div><\/div><\/div><\/div><\/div><form class=\"dt-contact-form dt-form\" method=\"post\" action=\"\"><input type=\"hidden\" name=\"widget_id\" value=\"presscore-contact-form-widget--1\" \/><input type=\"hidden\" name=\"send_message\" value=\"\" \/><input type=\"hidden\" name=\"security_token\" value=\"27d98c4b704282ad43f9\"\/><div class=\"form-fields\"><span class=\"form-name\"><label class=\"assistive-text\">Name *<\/label><input type=\"text\" class=\"validate[required]\" placeholder=\"Name *\" name=\"name\" value=\"\" aria-required=\"true\">\n<\/span><span class=\"form-mail\"><label class=\"assistive-text\">E-mail *<\/label><input type=\"text\" class=\"validate[required,custom[email]]\" placeholder=\"E-mail *\" name=\"email\" value=\"\" aria-required=\"true\">\n<\/span><span class=\"form-telephone\"><label class=\"assistive-text\">Telephone *<\/label><input type=\"text\" class=\"validate[required,custom[phone]]\" placeholder=\"Telephone *\" name=\"telephone\" value=\"\" aria-required=\"true\">\n<\/span><\/div><span class=\"form-message\"><label class=\"assistive-text\">Message<\/label><textarea placeholder=\"Message\" name=\"message\" rows=\"7\" aria-required=\"false\"><\/textarea>\n<\/span><p><a href=\"#\" class=\"dt-btn dt-btn-m dt-btn-submit\" rel=\"nofollow\"><span>Send message<\/span><\/a><input class=\"assistive-text\" type=\"submit\" value=\"submit\"><\/p><input type=\"hidden\" name=\"trp-form-language\" value=\"en\"\/><\/form>\n<\/div><\/div><\/div><\/div><!-- Row Backgrounds --><div class=\"upb_color\" data-bg-override=\"ex-full\" data-bg-color=\"#f4f4f4\" data-fadeout=\"\" data-fadeout-percentage=\"30\" data-parallax-content=\"\" data-parallax-content-sense=\"30\" data-row-effect-mobile-disable=\"true\" data-img-parallax-mobile-disable=\"true\" data-rtl=\"false\"  data-custom-vc-row=\"\"  data-vc=\"8.7.2\"  data-is_old_vc=\"\"  data-theme-support=\"\"   data-overlay=\"false\" data-overlay-color=\"\" data-overlay-pattern=\"\" data-overlay-pattern-opacity=\"\" data-overlay-pattern-size=\"\"    ><\/div><div data-vc-full-width=\"true\" data-vc-full-width-temp=\"true\" data-vc-full-width-init=\"false\" class=\"vc_row wpb_row vc_row-fluid vc_custom_1474233122428 vc_row-has-fill\"><div class=\"wpb_column vc_column_container vc_col-sm-12\"><div class=\"vc_column-inner vc_custom_1460570299912\"><div class=\"wpb_wrapper\">\n\t<div  class=\"wpb_single_image wpb_content_element vc_align_center  vc_custom_1557592779332\">\n\t\t\n\t\t<figure class=\"wpb_wrapper vc_figure\">\n\t\t\t<div class=\"vc_single_image-wrapper   vc_box_border_grey\"><\/div>\n\t\t<\/figure>\n\t<\/div>\n<\/div><\/div><\/div><div class=\"wpb_column vc_column_container vc_col-sm-12 vc_col-lg-offset-1 vc_col-lg-10 vc_col-md-offset-1 vc_col-md-10 vc_col-sm-offset-0\"><div class=\"vc_column-inner vc_custom_1461332951646\"><div class=\"wpb_wrapper\"><div class=\"vc_row wpb_row vc_inner vc_row-fluid\"><div class=\"wpb_column vc_column_container vc_col-sm-4\"><div class=\"vc_column-inner vc_custom_1461332837092\"><div class=\"wpb_wrapper\"><div id=\"ultimate-heading-125369f467dbe8301\" class=\"uvc-heading ult-adjust-bottom-margin ultimate-heading-125369f467dbe8301 uvc-3683  uvc-heading-default-font-sizes\" data-hspacer=\"no_spacer\"  data-halign=\"center\" style=\"text-align:center\"><div class=\"uvc-heading-spacer no_spacer\" style=\"top\"><\/div><div class=\"uvc-sub-heading ult-responsive\"  data-ultimate-target='.uvc-heading.ultimate-heading-125369f467dbe8301 .uvc-sub-heading '  data-responsive-json-new='{\"font-size\":\"\",\"line-height\":\"\"}'  style=\"font-family:&#039;Poppins&#039;;font-weight:300;color:#989898;\"><\/p>\n<p>Lachtal 535, 8831 Sch\u00f6nberg-Lachtal<\/div><\/div><\/div><\/div><\/div><div class=\"wpb_column vc_column_container vc_col-sm-4\"><div class=\"vc_column-inner vc_custom_1461332842664\"><div class=\"wpb_wrapper\"><div id=\"ultimate-heading-794369f467dbe8502\" class=\"uvc-heading ult-adjust-bottom-margin ultimate-heading-794369f467dbe8502 uvc-9703  uvc-heading-default-font-sizes\" data-hspacer=\"no_spacer\"  data-halign=\"center\" style=\"text-align:center\"><div class=\"uvc-heading-spacer no_spacer\" style=\"top\"><\/div><div class=\"uvc-sub-heading ult-responsive\"  data-ultimate-target='.uvc-heading.ultimate-heading-794369f467dbe8502 .uvc-sub-heading '  data-responsive-json-new='{\"font-size\":\"\",\"line-height\":\"\"}'  style=\"font-family:&#039;Poppins&#039;;font-weight:300;color:#989898;\"><\/p>\n<p style=\"text-align: center;\">Montag &#8211; Freitag: 14:00 Uhr &#8211; 21:00 Uhr<\/p>\n<p style=\"text-align: center;\">Samstag &#8211; Sonntag: 10:00 Uhr &#8211; 20:00 Uhr<\/p>\n<p><\/div><\/div><\/div><\/div><\/div><div class=\"wpb_column vc_column_container vc_col-sm-4\"><div class=\"vc_column-inner vc_custom_1461332847822\"><div class=\"wpb_wrapper\"><div id=\"ultimate-heading-213869f467dbe86e8\" class=\"uvc-heading ult-adjust-bottom-margin ultimate-heading-213869f467dbe86e8 uvc-8165  uvc-heading-default-font-sizes\" data-hspacer=\"no_spacer\"  data-halign=\"center\" style=\"text-align:center\"><div class=\"uvc-heading-spacer no_spacer\" style=\"top\"><\/div><div class=\"uvc-sub-heading ult-responsive\"  data-ultimate-target='.uvc-heading.ultimate-heading-213869f467dbe86e8 .uvc-sub-heading '  data-responsive-json-new='{\"font-size\":\"\",\"line-height\":\"\"}'  style=\"font-family:&#039;Poppins&#039;;font-weight:300;color:#989898;\"><\/p>\n<p style=\"text-align: center;\">E-Mail: info@berghuette-murmele.com<\/p>\n<p style=\"text-align: center;\">Telefon: (+49) 5361 78-98-9<\/p>\n<p><\/div><\/div><\/div><\/div><\/div><\/div><\/div><\/div><\/div><div class=\"wpb_column vc_column_container vc_col-sm-12\"><div class=\"vc_column-inner vc_custom_1460570841666\"><div class=\"wpb_wrapper\"><div class=\"uavc-icons-center uavc-icons\">\n<a class=\"aio-tooltip 69f467dbe8a39\" href=\"https:\/\/www.instagram.com\/murmelehuette_ferienhaus\/\"  data-toggle=\"tooltip\" data-placement=\"\" title=\"\"><div class=\"aio-icon circle\" data-animation=\"\" data-animation-delay=\"03\" style=\"color:#131313;background:#f7f7f7;font-size:18px;margin-right:5px;\">\n\t<i class=\"icomoon-free-social-contact-16x16-facebook\"><\/i>\n<\/div><\/a>\n<a class=\"aio-tooltip 69f467dbe8a6d\" href=\"https:\/\/www.instagram.com\/murmelehuette_ferienhaus\/\"  data-toggle=\"tooltip\" data-placement=\"\" title=\"\"><div class=\"aio-icon circle\" data-animation=\"\" data-animation-delay=\"03\" style=\"color:#131313;background:#f7f7f7;font-size:18px;margin-right:5px;\">\n\t<i class=\"icomoon-free-social-contact-16x16-instagram\"><\/i>\n<\/div><\/a><\/div><\/div><\/div><\/div><div class=\"wpb_column vc_column_container vc_col-sm-12\"><div class=\"vc_column-inner\"><div class=\"wpb_wrapper\"><div id=\"ultimate-heading-184169f467dbe8c69\" class=\"uvc-heading ult-adjust-bottom-margin ultimate-heading-184169f467dbe8c69 uvc-3613\" data-hspacer=\"no_spacer\"  data-halign=\"center\" style=\"text-align:center\"><div class=\"uvc-heading-spacer no_spacer\" style=\"top\"><\/div><div class=\"uvc-main-heading ult-responsive\"  data-ultimate-target='.uvc-heading.ultimate-heading-184169f467dbe8c69 h2'  data-responsive-json-new='{\"font-size\":\"desktop:15px;\",\"line-height\":\"desktop:22px;\"}' ><h2 style=\"font-family:&#039;Poppins&#039;;font-weight:300;color:#a0a0a0;\">All Rights Reserved.<\/h2><\/div><\/div><\/div><\/div><\/div><\/div><div class=\"vc_row-full-width vc_clearfix\"><\/div>\n<\/div>","protected":false},"excerpt":{"rendered":"<p>Adresse Lachtal 535, 8831 Sch\u00f6nberg-Lachtal, \u00d6sterreich Telefon (+49) 5361 78-98-9 Email info@berghuette-murmele.com Lage Hier befindet sich unsere sch\u00f6ne Bergh\u00fctte in \u00d6sterreich. Es ist ein im modernen Stil eingerichtetes Design-Chalet in unmittelbarer N\u00e4he zu den Skipisten und Wanderwegen. GET IN TOUCH! Lachtal 535, 8831 Sch\u00f6nberg-Lachtal Montag &#8211; Freitag: 14:00 Uhr &#8211; 21:00 Uhr Samstag &#8211; Sonntag:&hellip;<\/p>","protected":false},"author":1,"featured_media":0,"parent":0,"menu_order":5,"comment_status":"closed","ping_status":"closed","template":"","meta":{"om_disable_all_campaigns":false,"_mi_skip_tracking":false,"_monsterinsights_sitenote_active":false,"_monsterinsights_sitenote_note":"","_monsterinsights_sitenote_category":0,"_uf_show_specific_survey":0,"_uf_disable_surveys":false,"footnotes":""},"class_list":["post-56","page","type-page","status-publish","hentry","description-off"],"aioseo_notices":[],"yoast_head":"<!-- This site is optimized with the Yoast SEO plugin v21.0 - https:\/\/yoast.com\/wordpress\/plugins\/seo\/ -->\n<title>Kontakt - Bergh\u00fctte Murmele - modernes Ferienhaus im Lachtal<\/title>\n<meta name=\"description\" content=\"Bergh\u00fctte \u00d6sterreich mieten - Hier k\u00f6nnen Sie uns kontaktieren, falls Sie fragen haben. Wir freuen uns auf Ihren erholsamen Urlaub mit vielen Extras\" \/>\n<meta name=\"robots\" content=\"index, follow, max-snippet:-1, max-image-preview:large, max-video-preview:-1\" \/>\n<link rel=\"canonical\" href=\"https:\/\/berghuette-murmele.com\/en\/kontakt-berghuette-oesterreich-mieten\/\" \/>\n<meta property=\"og:locale\" content=\"en_GB\" \/>\n<meta property=\"og:type\" content=\"article\" \/>\n<meta property=\"og:title\" content=\"Kontakt - Bergh\u00fctte Murmele - modernes Ferienhaus im Lachtal\" \/>\n<meta property=\"og:description\" content=\"Bergh\u00fctte \u00d6sterreich mieten - Hier k\u00f6nnen Sie uns kontaktieren, falls Sie fragen haben. Wir freuen uns auf Ihren erholsamen Urlaub mit vielen Extras\" \/>\n<meta property=\"og:url\" content=\"https:\/\/berghuette-murmele.com\/en\/kontakt-berghuette-oesterreich-mieten\/\" \/>\n<meta property=\"og:site_name\" content=\"Bergh\u00fctte Murmele - modernes Ferienhaus im Lachtal\" \/>\n<meta property=\"article:modified_time\" content=\"2019-11-01T14:08:18+00:00\" \/>\n<meta name=\"twitter:card\" content=\"summary_large_image\" \/>\n<meta name=\"twitter:label1\" content=\"Estimated reading time\" \/>\n\t<meta name=\"twitter:data1\" content=\"5 minutes\" \/>\n<script type=\"application\/ld+json\" class=\"yoast-schema-graph\">{\"@context\":\"https:\/\/schema.org\",\"@graph\":[{\"@type\":\"WebPage\",\"@id\":\"https:\/\/berghuette-murmele.com\/kontakt-berghuette-oesterreich-mieten\/\",\"url\":\"https:\/\/berghuette-murmele.com\/kontakt-berghuette-oesterreich-mieten\/\",\"name\":\"Kontakt - Bergh\u00fctte Murmele - modernes Ferienhaus im Lachtal\",\"isPartOf\":{\"@id\":\"https:\/\/berghuette-murmele.com\/#website\"},\"datePublished\":\"2016-07-12T20:43:33+00:00\",\"dateModified\":\"2019-11-01T14:08:18+00:00\",\"description\":\"Bergh\u00fctte \u00d6sterreich mieten - Hier k\u00f6nnen Sie uns kontaktieren, falls Sie fragen haben. Wir freuen uns auf Ihren erholsamen Urlaub mit vielen Extras\",\"breadcrumb\":{\"@id\":\"https:\/\/berghuette-murmele.com\/kontakt-berghuette-oesterreich-mieten\/#breadcrumb\"},\"inLanguage\":\"en-GB\",\"potentialAction\":[{\"@type\":\"ReadAction\",\"target\":[\"https:\/\/berghuette-murmele.com\/kontakt-berghuette-oesterreich-mieten\/\"]}]},{\"@type\":\"BreadcrumbList\",\"@id\":\"https:\/\/berghuette-murmele.com\/kontakt-berghuette-oesterreich-mieten\/#breadcrumb\",\"itemListElement\":[{\"@type\":\"ListItem\",\"position\":1,\"name\":\"Startseite\",\"item\":\"https:\/\/berghuette-murmele.com\/\"},{\"@type\":\"ListItem\",\"position\":2,\"name\":\"Kontakt\"}]},{\"@type\":\"WebSite\",\"@id\":\"https:\/\/berghuette-murmele.com\/#website\",\"url\":\"https:\/\/berghuette-murmele.com\/\",\"name\":\"Bergh\u00fctte Murmele - modernes Ferienhaus im Lachtal\",\"description\":\"Ferienhaus im Lachtal mieten | Urlaub in der Steiermark\",\"potentialAction\":[{\"@type\":\"SearchAction\",\"target\":{\"@type\":\"EntryPoint\",\"urlTemplate\":\"https:\/\/berghuette-murmele.com\/?s={search_term_string}\"},\"query-input\":\"required name=search_term_string\"}],\"inLanguage\":\"en-GB\"}]}<\/script>\n<!-- \/ Yoast SEO plugin. -->","yoast_head_json":{"title":"Kontakt - Bergh\u00fctte Murmele - modernes Ferienhaus im Lachtal","description":"Bergh\u00fctte \u00d6sterreich mieten - Hier k\u00f6nnen Sie uns kontaktieren, falls Sie fragen haben. Wir freuen uns auf Ihren erholsamen Urlaub mit vielen Extras","robots":{"index":"index","follow":"follow","max-snippet":"max-snippet:-1","max-image-preview":"max-image-preview:large","max-video-preview":"max-video-preview:-1"},"canonical":"https:\/\/berghuette-murmele.com\/en\/kontakt-berghuette-oesterreich-mieten\/","og_locale":"en_GB","og_type":"article","og_title":"Kontakt - Bergh\u00fctte Murmele - modernes Ferienhaus im Lachtal","og_description":"Bergh\u00fctte \u00d6sterreich mieten - Hier k\u00f6nnen Sie uns kontaktieren, falls Sie fragen haben. Wir freuen uns auf Ihren erholsamen Urlaub mit vielen Extras","og_url":"https:\/\/berghuette-murmele.com\/en\/kontakt-berghuette-oesterreich-mieten\/","og_site_name":"Bergh\u00fctte Murmele - modernes Ferienhaus im Lachtal","article_modified_time":"2019-11-01T14:08:18+00:00","twitter_card":"summary_large_image","twitter_misc":{"Estimated reading time":"5 minutes"},"schema":{"@context":"https:\/\/schema.org","@graph":[{"@type":"WebPage","@id":"https:\/\/berghuette-murmele.com\/kontakt-berghuette-oesterreich-mieten\/","url":"https:\/\/berghuette-murmele.com\/kontakt-berghuette-oesterreich-mieten\/","name":"Kontakt - Bergh\u00fctte Murmele - modernes Ferienhaus im Lachtal","isPartOf":{"@id":"https:\/\/berghuette-murmele.com\/#website"},"datePublished":"2016-07-12T20:43:33+00:00","dateModified":"2019-11-01T14:08:18+00:00","description":"Bergh\u00fctte \u00d6sterreich mieten - Hier k\u00f6nnen Sie uns kontaktieren, falls Sie fragen haben. Wir freuen uns auf Ihren erholsamen Urlaub mit vielen Extras","breadcrumb":{"@id":"https:\/\/berghuette-murmele.com\/kontakt-berghuette-oesterreich-mieten\/#breadcrumb"},"inLanguage":"en-GB","potentialAction":[{"@type":"ReadAction","target":["https:\/\/berghuette-murmele.com\/kontakt-berghuette-oesterreich-mieten\/"]}]},{"@type":"BreadcrumbList","@id":"https:\/\/berghuette-murmele.com\/kontakt-berghuette-oesterreich-mieten\/#breadcrumb","itemListElement":[{"@type":"ListItem","position":1,"name":"Startseite","item":"https:\/\/berghuette-murmele.com\/"},{"@type":"ListItem","position":2,"name":"Kontakt"}]},{"@type":"WebSite","@id":"https:\/\/berghuette-murmele.com\/#website","url":"https:\/\/berghuette-murmele.com\/","name":"Bergh\u00fctte Murmele - modernes Ferienhaus im Lachtal","description":"Ferienhaus im Lachtal mieten | Urlaub in der Steiermark","potentialAction":[{"@type":"SearchAction","target":{"@type":"EntryPoint","urlTemplate":"https:\/\/berghuette-murmele.com\/?s={search_term_string}"},"query-input":"required name=search_term_string"}],"inLanguage":"en-GB"}]}},"_links":{"self":[{"href":"https:\/\/berghuette-murmele.com\/en\/wp-json\/wp\/v2\/pages\/56","targetHints":{"allow":["GET"]}}],"collection":[{"href":"https:\/\/berghuette-murmele.com\/en\/wp-json\/wp\/v2\/pages"}],"about":[{"href":"https:\/\/berghuette-murmele.com\/en\/wp-json\/wp\/v2\/types\/page"}],"author":[{"embeddable":true,"href":"https:\/\/berghuette-murmele.com\/en\/wp-json\/wp\/v2\/users\/1"}],"replies":[{"embeddable":true,"href":"https:\/\/berghuette-murmele.com\/en\/wp-json\/wp\/v2\/comments?post=56"}],"version-history":[{"count":16,"href":"https:\/\/berghuette-murmele.com\/en\/wp-json\/wp\/v2\/pages\/56\/revisions"}],"predecessor-version":[{"id":1318,"href":"https:\/\/berghuette-murmele.com\/en\/wp-json\/wp\/v2\/pages\/56\/revisions\/1318"}],"wp:attachment":[{"href":"https:\/\/berghuette-murmele.com\/en\/wp-json\/wp\/v2\/media?parent=56"}],"curies":[{"name":"wp","href":"https:\/\/api.w.org\/{rel}","templated":true}]}}